{"id":160,"date":"2018-01-01T17:15:48","date_gmt":"2018-01-01T16:15:48","guid":{"rendered":"http:\/\/m-e-s-creations.fr\/?page_id=160"},"modified":"2022-12-28T17:00:48","modified_gmt":"2022-12-28T16:00:48","slug":"accueil","status":"publish","type":"page","link":"http:\/\/m-e-s-creations.fr\/","title":{"rendered":"Accueil"},"content":{"rendered":"<div id=\"pl-160\"  class=\"panel-layout\" ><div id=\"pg-160-0\"  class=\"panel-grid panel-has-style\" ><div class=\"siteorigin-panels-stretch panel-row-style panel-row-style-for-160-0\" data-stretch-type=\"full\" ><div id=\"pgc-160-0-0\"  class=\"panel-grid-cell\" ><div id=\"panel-160-0-0-0\" class=\"so-panel widget widget_black-studio-tinymce widget_black_studio_tinymce panel-first-child panel-last-child\" data-index=\"0\" ><div class=\"textwidget\"><h1 style=\"padding-left: 240px; text-align: center;\"><span style=\"color: #ff0000;\"><em>Bonjour<\/em><\/span><br \/>\n<span style=\"color: #ff0000;\"><em>Je suis Annie, je cr\u00e9e au fil de mes envies.<\/em><\/span><br \/>\n<span style=\"color: #ff0000;\"><em>Tout ce qui est pr\u00e9sent\u00e9 est d\u00e9j\u00e0 vendu, mais pas de panique !<\/em><\/span><\/h1>\n<h1 style=\"padding-left: 240px; text-align: center;\"><span style=\"color: #ff0000;\"><em>Vous pouvez me retrouver dans les march\u00e9s artisanaux ou dans la page \"contact\".<\/em><\/span><br \/>\n<span style=\"color: #ff0000;\"><em>A bient\u00f4t<\/em><\/span><\/h1>\n<\/div><\/div><\/div><\/div><\/div><\/div>","protected":false},"excerpt":{"rendered":"<p>Bonjour Je suis Annie, je cr\u00e9e au fil de mes envies. Tout ce qui est pr\u00e9sent\u00e9 est d\u00e9j\u00e0 vendu, mais pas de panique ! Vous pouvez me retrouver dans les march\u00e9s artisanaux ou dans la page \u00ab\u00a0contact\u00a0\u00bb. A bient\u00f4t<\/p>\n","protected":false},"author":1,"featured_media":0,"parent":0,"menu_order":0,"comment_status":"closed","ping_status":"closed","template":"full-width-page.php","meta":[],"_links":{"self":[{"href":"http:\/\/m-e-s-creations.fr\/index.php?rest_route=\/wp\/v2\/pages\/160"}],"collection":[{"href":"http:\/\/m-e-s-creations.fr\/index.php?rest_route=\/wp\/v2\/pages"}],"about":[{"href":"http:\/\/m-e-s-creations.fr\/index.php?rest_route=\/wp\/v2\/types\/page"}],"author":[{"embeddable":true,"href":"http:\/\/m-e-s-creations.fr\/index.php?rest_route=\/wp\/v2\/users\/1"}],"replies":[{"embeddable":true,"href":"http:\/\/m-e-s-creations.fr\/index.php?rest_route=%2Fwp%2Fv2%2Fcomments&post=160"}],"version-history":[{"count":134,"href":"http:\/\/m-e-s-creations.fr\/index.php?rest_route=\/wp\/v2\/pages\/160\/revisions"}],"predecessor-version":[{"id":1473,"href":"http:\/\/m-e-s-creations.fr\/index.php?rest_route=\/wp\/v2\/pages\/160\/revisions\/1473"}],"wp:attachment":[{"href":"http:\/\/m-e-s-creations.fr\/index.php?rest_route=%2Fwp%2Fv2%2Fmedia&parent=160"}],"curies":[{"name":"wp","href":"https:\/\/api.w.org\/{rel}","templated":true}]}}